{"id":542,"date":"2018-11-27T09:17:28","date_gmt":"2018-11-27T09:17:28","guid":{"rendered":"http:\/\/www.primestskytaborpce.cz\/index.php\/services\/"},"modified":"2026-01-24T15:13:08","modified_gmt":"2026-01-24T15:13:08","slug":"program","status":"publish","type":"page","link":"https:\/\/www.primestskytaborpce.cz\/index.php\/program\/","title":{"rendered":"Anglick\u00fd t\u00e1bor"},"content":{"rendered":"\n<h2 class=\"wp-block-heading\">Po\u017eadovan\u00e9 dovednosti<\/h2>\n\n\n<div class=\"wp-block-image\">\n<figure class=\"alignright size-large is-resized\"><img loading=\"lazy\" decoding=\"async\" width=\"408\" height=\"487\" src=\"https:\/\/www.primestskytaborpce.cz\/wp-content\/uploads\/2021\/05\/d3.png\" alt=\"m\u00e1vaj\u00edc\u00ed d\u00edt\u011b anglick\u00fd p\u0159\u00edm\u011bstsk\u00fd t\u00e1bor Pardubice\" class=\"wp-image-1217\" style=\"width:206px\" srcset=\"https:\/\/www.primestskytaborpce.cz\/wp-content\/uploads\/2021\/05\/d3.png 408w, https:\/\/www.primestskytaborpce.cz\/wp-content\/uploads\/2021\/05\/d3-251x300.png 251w\" sizes=\"auto, (max-width: 408px) 100vw, 408px\" \/><\/figure><\/div>\n\n\n<p>Na na\u0161em p\u0159\u00edm\u011bstsk\u00e9m t\u00e1bo\u0159e nejsou \u017e\u00e1dn\u00e9 minim\u00e1ln\u00ed ani maxim\u00e1ln\u00ed po\u017eadavky na znalost angli\u010dtiny. <br>Jsme schopn\u00ed nau\u010dit \u00fapln\u00e9 za\u010d\u00e1te\u010dn\u00edky i zlep\u0161it dovednosti velmi pokro\u010dil\u00fdch mluv\u010d\u00edch.<\/p>\n\n\n\n<p>Jedin\u00fdm po\u017eadavkem je v\u011bk d\u00edt\u011bte mezi 6 a 15 lety a absolvov\u00e1n\u00ed 1. t\u0159\u00eddy Z\u0160.<\/p>\n\n\n\n<h2 class=\"wp-block-heading\">Dopoledn\u00ed program<\/h2>\n\n\n\n<p>Spole\u010dn\u00fd dopoledn\u00ed program za\u010d\u00edn\u00e1 v&nbsp;8:00. D\u011bti v\u0161ak v prostorech Z\u0160 Polabiny 1 r\u00e1di p\u0159iv\u00edt\u00e1me ji\u017e od 7:00, kdy postupn\u011b p\u0159ich\u00e1zej\u00ed a vedouc\u00ed se jim v\u011bnuj\u00ed, hraj\u00ed si s nimi a pom\u00e1haj\u00ed jim nav\u00e1zat nov\u00e1 p\u0159\u00e1telstv\u00ed. Po 8:00 n\u00e1sleduje \u010d\u00e1st spole\u010dn\u00e9ho programu, b\u011bhem n\u00ed\u017e jsou d\u011bti rozd\u011bleny do v\u011bkov\u011b prom\u00edchan\u00fdch skupinek a spole\u010dn\u011b se sna\u017e\u00ed poko\u0159it r\u016fzn\u00e9 v\u00fdzvy. V\u00fduka od 9:00 je realizov\u00e1na v&nbsp;men\u0161\u00edch skupin\u00e1ch d\u011bt\u00ed, podle jejich v\u011bku. D\u011bti budou v&nbsp;t\u011bchto skupin\u00e1ch hr\u00e1t anglick\u00e9 hry, c\u00edlen\u00e9 na roz\u0161\u00ed\u0159en\u00ed slovn\u00ed z\u00e1soby a komunika\u010dn\u00ed schopnosti. S&nbsp;pokro\u010dilej\u0161\u00edmi d\u011btmi se pod\u00edv\u00e1me i na z\u00e1klady anglick\u00e9 gramatiky.<\/p>\n\n\n\n<p>P\u0159ed\u00e1n\u00ed a vyzvednut\u00ed d\u011bt\u00ed prob\u00edh\u00e1 v\u017edy na adrese <strong>Z\u0160 Polabiny 1 &#8211; Dru\u017estevn\u00ed 305, Polabiny<\/strong>. D\u011bti je mo\u017en\u00e9 po p\u0159edchoz\u00ed domluv\u011b dov\u00e9zt na program pozd\u011bji \u010di vyzvednout d\u0159\u00edve.<\/p>\n\n\n\n<h2 class=\"wp-block-heading\">Odpoledn\u00ed program<\/h2>\n\n\n\n<p>Po v\u00fduce n\u00e1sleduje ob\u011bd v\u00a0restauraci Rosignano. Pot\u00e9 se d\u011bti p\u0159esunou na odpoledn\u00ed aktivity. Ka\u017ed\u00fd den je pro n\u011b p\u0159ipraven jin\u00fd z\u00e1\u017eitek. Ke konci dne se d\u011bti vr\u00e1t\u00ed z odpoledn\u00edho programu zp\u011bt do Z\u0160 Polabiny 1, kde si je rodi\u010de vyzvednou. D\u011bti si m\u016f\u017eete vyzved\u00e1vat od 16:30, ale r\u00e1di se o n\u011b postar\u00e1me a\u017e do 17:00. B\u011bhem dopoledn\u00edho i odpoledn\u00edho programu je zaji\u0161t\u011bna sva\u010dina a pitn\u00fd re\u017eim v cen\u011b.<\/p>\n\n\n\n<p>Ka\u017ed\u00fd den se tedy do programu za\u0159ad\u00ed jedna z\u00a0n\u00e1sleduj\u00edc\u00edch aktivit:<\/p>\n\n\n\n<div class=\"wp-block-columns has-background is-layout-flex wp-container-core-columns-is-layout-1 wp-block-columns-is-layout-flex\" style=\"background-color:#a2c1ff\">\n<div class=\"wp-block-column is-layout-flow wp-block-column-is-layout-flow\">\n<h3 class=\"wp-block-heading has-white-color has-text-color has-background\" style=\"background-color:#526ca0\">LASER GAME \/ LUMP\u00c1RIUM<\/h3>\n\n\n\n<p class=\"has-white-color has-text-color has-background\" style=\"background-color:#526ca0\">Mlad\u0161\u00ed d\u011bti si u\u017eij\u00ed spoustu z\u00e1bavy v Lump\u00e1riu Pardubice, kde je \u010dekaj\u00ed prol\u00e9za\u010dky, skluzavky a dal\u0161\u00ed hern\u00ed atrakce. Star\u0161\u00ed d\u011bti se vydaj\u00ed do Laser Game Pardubice, kde si zahraj\u00ed nap\u00ednavou hru plnou pohybu a t\u00fdmov\u00e9 spolupr\u00e1ce. <em>(P\u0159ed za\u010d\u00e1tkem t\u00e1bora v\u00e1m po\u0161leme formul\u00e1\u0159, kde bude mo\u017en\u00e9 d\u011bti p\u0159epsat z jedn\u00e9 aktivity do druh\u00e9, aby si program u\u017eily co nejv\u00edce!)<\/em><\/p>\n<\/div>\n\n\n\n<div class=\"wp-block-column is-vertically-aligned-center is-layout-flow wp-block-column-is-layout-flow\">\n<figure class=\"wp-block-image size-full is-resized\"><img loading=\"lazy\" decoding=\"async\" width=\"1296\" height=\"720\" src=\"http:\/\/www.primestskytaborpce.cz\/wp-content\/uploads\/2025\/02\/367722959_637823811781126_411441873701355306_n-e1738786567338.jpg\" alt=\"\" class=\"wp-image-1727\" style=\"width:419px;height:auto\" srcset=\"https:\/\/www.primestskytaborpce.cz\/wp-content\/uploads\/2025\/02\/367722959_637823811781126_411441873701355306_n-e1738786567338.jpg 1296w, https:\/\/www.primestskytaborpce.cz\/wp-content\/uploads\/2025\/02\/367722959_637823811781126_411441873701355306_n-e1738786567338-300x167.jpg 300w, https:\/\/www.primestskytaborpce.cz\/wp-content\/uploads\/2025\/02\/367722959_637823811781126_411441873701355306_n-e1738786567338-1024x569.jpg 1024w, https:\/\/www.primestskytaborpce.cz\/wp-content\/uploads\/2025\/02\/367722959_637823811781126_411441873701355306_n-e1738786567338-768x427.jpg 768w\" sizes=\"auto, (max-width: 1296px) 100vw, 1296px\" \/><\/figure>\n<\/div>\n<\/div>\n\n\n\n<div class=\"wp-block-columns has-background is-layout-flex wp-container-core-columns-is-layout-2 wp-block-columns-is-layout-flex\" style=\"background-color:#a2c1ff\">\n<div class=\"wp-block-column is-layout-flow wp-block-column-is-layout-flow\">\n<h3 class=\"wp-block-heading has-white-color has-text-color has-background\" style=\"background-color:#526ca0\">FUN WATER PARK<\/h3>\n\n\n\n<p class=\"has-white-color has-text-color has-background\" style=\"background-color:#526ca0\">Fun Water Park se nach\u00e1z\u00ed u soutoku Labe a Chrudimky v parku Na \u0160pici. D\u011bti si zde u\u017eij\u00ed vodn\u00ed atrakce a z\u00e1bavu s kamar\u00e1dy. V\u0161echny d\u011bti budou vybaveny <strong>plovac\u00edmi vestami<\/strong> a aktivity prob\u00edhaj\u00ed pod dohledem vedouc\u00edch.<\/p>\n<\/div>\n\n\n\n<div class=\"wp-block-column is-layout-flow wp-block-column-is-layout-flow\">\n<figure class=\"wp-block-image size-large\"><img loading=\"lazy\" decoding=\"async\" width=\"1024\" height=\"683\" src=\"https:\/\/www.primestskytaborpce.cz\/wp-content\/uploads\/2024\/02\/312461929_541693051295194_830773963565891512_n-1-1024x683.jpeg\" alt=\"\" class=\"wp-image-1601\" srcset=\"https:\/\/www.primestskytaborpce.cz\/wp-content\/uploads\/2024\/02\/312461929_541693051295194_830773963565891512_n-1-1024x683.jpeg 1024w, https:\/\/www.primestskytaborpce.cz\/wp-content\/uploads\/2024\/02\/312461929_541693051295194_830773963565891512_n-1-300x200.jpeg 300w, https:\/\/www.primestskytaborpce.cz\/wp-content\/uploads\/2024\/02\/312461929_541693051295194_830773963565891512_n-1-768x512.jpeg 768w, https:\/\/www.primestskytaborpce.cz\/wp-content\/uploads\/2024\/02\/312461929_541693051295194_830773963565891512_n-1-1536x1024.jpeg 1536w, https:\/\/www.primestskytaborpce.cz\/wp-content\/uploads\/2024\/02\/312461929_541693051295194_830773963565891512_n-1.jpeg 2048w\" sizes=\"auto, (max-width: 1024px) 100vw, 1024px\" \/><\/figure>\n<\/div>\n<\/div>\n\n\n\n<div class=\"wp-block-columns has-background is-layout-flex wp-container-core-columns-is-layout-3 wp-block-columns-is-layout-flex\" style=\"background-color:#a2c1ff\">\n<div class=\"wp-block-column is-layout-flow wp-block-column-is-layout-flow\">\n<h3 class=\"wp-block-heading has-white-color has-text-color has-background\" style=\"background-color:#526ca0\">CIHELNA PARDUBICE<\/h3>\n\n\n\n<p class=\"has-white-color has-text-color has-background\" style=\"background-color:#526ca0\">Co by to bylo za letn\u00ed t\u00e1bor bez koup\u00e1n\u00ed! Spolu s d\u011btmi vyraz\u00edme na koupali\u0161t\u011b Cihelna. Budeme se koupat, dov\u00e1d\u011bt ve vod\u011b a hr\u00e1t z\u00e1bavn\u00e9 vodn\u00ed hry. Pro zaji\u0161t\u011bn\u00ed maxim\u00e1ln\u00ed bezpe\u010dnosti bude na tuto aktivitu p\u0159\u00edtomno v\u00edce vedouc\u00edch.<\/p>\n<\/div>\n\n\n\n<div class=\"wp-block-column is-layout-flow wp-block-column-is-layout-flow\">\n<figure class=\"wp-block-image size-large is-resized\"><img loading=\"lazy\" decoding=\"async\" width=\"1024\" height=\"682\" src=\"https:\/\/www.primestskytaborpce.cz\/wp-content\/uploads\/2025\/02\/6bb12b76-53b6-46b3-81ec-41013e5a4636-1-1024x682.webp\" alt=\"\" class=\"wp-image-1753\" style=\"width:417px;height:auto\" srcset=\"https:\/\/www.primestskytaborpce.cz\/wp-content\/uploads\/2025\/02\/6bb12b76-53b6-46b3-81ec-41013e5a4636-1-1024x682.webp 1024w, https:\/\/www.primestskytaborpce.cz\/wp-content\/uploads\/2025\/02\/6bb12b76-53b6-46b3-81ec-41013e5a4636-1-300x200.webp 300w, https:\/\/www.primestskytaborpce.cz\/wp-content\/uploads\/2025\/02\/6bb12b76-53b6-46b3-81ec-41013e5a4636-1-768x512.webp 768w, https:\/\/www.primestskytaborpce.cz\/wp-content\/uploads\/2025\/02\/6bb12b76-53b6-46b3-81ec-41013e5a4636-1-1536x1024.webp 1536w, https:\/\/www.primestskytaborpce.cz\/wp-content\/uploads\/2025\/02\/6bb12b76-53b6-46b3-81ec-41013e5a4636-1.webp 2000w\" sizes=\"auto, (max-width: 1024px) 100vw, 1024px\" \/><\/figure>\n<\/div>\n<\/div>\n\n\n\n<div class=\"wp-block-columns has-background is-layout-flex wp-container-core-columns-is-layout-4 wp-block-columns-is-layout-flex\" style=\"background-color:#a2c1ff\">\n<div class=\"wp-block-column is-layout-flow wp-block-column-is-layout-flow\">\n<h3 class=\"wp-block-heading has-white-color has-text-color has-background\" style=\"background-color:#526ca0\">TEMATICK\u00c1 CELOT\u00c1BOROVKA<\/h3>\n\n\n\n<p class=\"has-white-color has-text-color has-background\" style=\"background-color:#526ca0\">Cel\u00fdm t\u00fddnem n\u00e1s bude prov\u00e1zet celot\u00e1borov\u00e1 hra s p\u0159\u00edb\u011bhem, \u00fakoly a t\u00fdmov\u00fdmi v\u00fdzvami. Ka\u017ed\u00fd den d\u011bti postupn\u011b odhaluj\u00ed dal\u0161\u00ed \u010d\u00e1sti dobrodru\u017estv\u00ed. Minul\u00fd rok jsme byli pir\u00e1ti a plnili n\u00e1mo\u0159nick\u00e9 v\u00fdzvy. Letos n\u00e1s \u010dek\u00e1<strong> DETEKTIVKA!<\/strong> D\u011bti se prom\u011bn\u00ed v mlad\u00e9 detektivy, budou hledat stopy, lu\u0161tit indicie a spole\u010dn\u011b rozpl\u00e9tat t\u00e1borovou z\u00e1hadu.<\/p>\n<\/div>\n\n\n\n<div class=\"wp-block-column is-layout-flow wp-block-column-is-layout-flow\">\n<figure class=\"wp-block-image size-large\"><img loading=\"lazy\" decoding=\"async\" width=\"1024\" height=\"710\" src=\"http:\/\/www.primestskytaborpce.cz\/wp-content\/uploads\/2025\/02\/6ef12fc2-3e2e-4142-b323-9516f90e67ed-e1738870855294-1024x710.jpg\" alt=\"\" class=\"wp-image-1755\" srcset=\"https:\/\/www.primestskytaborpce.cz\/wp-content\/uploads\/2025\/02\/6ef12fc2-3e2e-4142-b323-9516f90e67ed-e1738870855294-1024x710.jpg 1024w, https:\/\/www.primestskytaborpce.cz\/wp-content\/uploads\/2025\/02\/6ef12fc2-3e2e-4142-b323-9516f90e67ed-e1738870855294-300x208.jpg 300w, https:\/\/www.primestskytaborpce.cz\/wp-content\/uploads\/2025\/02\/6ef12fc2-3e2e-4142-b323-9516f90e67ed-e1738870855294-768x532.jpg 768w, https:\/\/www.primestskytaborpce.cz\/wp-content\/uploads\/2025\/02\/6ef12fc2-3e2e-4142-b323-9516f90e67ed-e1738870855294.jpg 1200w\" sizes=\"auto, (max-width: 1024px) 100vw, 1024px\" \/><\/figure>\n<\/div>\n<\/div>\n\n\n\n<div class=\"wp-block-columns has-background is-layout-flex wp-container-core-columns-is-layout-5 wp-block-columns-is-layout-flex\" style=\"background-color:#a2c1ff\">\n<div class=\"wp-block-column is-layout-flow wp-block-column-is-layout-flow\">\n<h3 class=\"wp-block-heading has-white-color has-text-color has-background\" style=\"background-color:#526ca0\">DEN V PARKU PLN\u00dd HER<\/h3>\n\n\n\n<p class=\"has-white-color has-text-color has-background\" style=\"background-color:#526ca0\">Posledn\u00ed den se vyd\u00e1me spole\u010dn\u011b do parku a budeme hr\u00e1t sout\u011b\u017ee o zaj\u00edmav\u00e9 ceny. Program kombinuje hry v \u010de\u0161tin\u011b i angli\u010dtin\u011b a vytv\u00e1\u0159\u00ed ide\u00e1ln\u00ed atmosf\u00e9ru na z\u00e1v\u011br cel\u00e9ho t\u00fddne. Zkr\u00e1tka spole\u010dn\u011b zakon\u010d\u00edme t\u00e1bor jak se pat\u0159\u00ed.<\/p>\n<\/div>\n\n\n\n<div class=\"wp-block-column is-layout-flow wp-block-column-is-layout-flow\">\n<figure class=\"wp-block-image size-large is-resized\"><img loading=\"lazy\" decoding=\"async\" width=\"1024\" height=\"733\" src=\"http:\/\/www.primestskytaborpce.cz\/wp-content\/uploads\/2025\/02\/455272416_842891957940976_5319492548976310001_n-e1738870720588-1024x733.jpg\" alt=\"\" class=\"wp-image-1754\" style=\"width:415px;height:auto\" srcset=\"https:\/\/www.primestskytaborpce.cz\/wp-content\/uploads\/2025\/02\/455272416_842891957940976_5319492548976310001_n-e1738870720588-1024x733.jpg 1024w, https:\/\/www.primestskytaborpce.cz\/wp-content\/uploads\/2025\/02\/455272416_842891957940976_5319492548976310001_n-e1738870720588-300x215.jpg 300w, https:\/\/www.primestskytaborpce.cz\/wp-content\/uploads\/2025\/02\/455272416_842891957940976_5319492548976310001_n-e1738870720588-768x550.jpg 768w, https:\/\/www.primestskytaborpce.cz\/wp-content\/uploads\/2025\/02\/455272416_842891957940976_5319492548976310001_n-e1738870720588.jpg 1536w\" sizes=\"auto, (max-width: 1024px) 100vw, 1024px\" \/><\/figure>\n<\/div>\n<\/div>\n\n\n<div style=\"gap: 20px;\" class=\"align-button-center ub-buttons orientation-button-row ub-flex-wrap wp-block-ub-button\" id=\"ub-button-fba00133-a88d-45d6-af20-52e039156712\"><div class=\"ub-button-container\">\n\t\t\t<a href=\"https:\/\/www.primestskytaborpce.cz\/index.php\/prihlaska-2\/\" target=\"_self\" class=\"ub-button-block-main  \" role=\"button\" style=\"--ub-button-background-color: #cf2e2e; --ub-button-color: #ffffff; --ub-button-border: none; --ub-button-hover-background-color: #ffebeb; --ub-button-hover-color: #cf2e2e; --ub-button-hover-border: none; font-size: 17px; width: 200px; padding-top: 10px; padding-right: 10px; padding-bottom: 10px; padding-left: 10px; border-top-left-radius: 60px;; border-top-right-radius: 60px;; border-bottom-left-radius: 60px;; border-bottom-right-radius: 60px;; \">\n\t\t\t\t<div class=\"ub-button-content-holder\" style=\"flex-direction: row\">\n\t\t\t\t\t<span class=\"ub-button-block-btn\">P\u0158IHL\u00c1\u0160KA<\/span>\n\t\t\t\t<\/div>\n\t\t\t<\/a>\n\t\t<\/div><\/div>\n\n\n<p class=\"has-text-align-center\"><strong>Zn\u00ed to par\u00e1dn\u011b, co? P\u0159ihlaste sv\u00e9 d\u00edt\u011b na t\u00fdden pln\u00fd z\u00e1\u017eitk\u016f, na kter\u00fd se nezapom\u00edn\u00e1.<\/strong> \u2600\ufe0f<\/p>\n\n\n\n<p><\/p>\n","protected":false},"excerpt":{"rendered":"<p>Po\u017eadovan\u00e9 dovednosti Na na\u0161em p\u0159\u00edm\u011bstsk\u00e9m t\u00e1bo\u0159e nejsou \u017e\u00e1dn\u00e9 minim\u00e1ln\u00ed ani maxim\u00e1ln\u00ed po\u017eadavky na znalost angli\u010dtiny. Jsme schopn\u00ed nau\u010dit \u00fapln\u00e9 za\u010d\u00e1te\u010dn\u00edky i zlep\u0161it dovednosti velmi pokro\u010dil\u00fdch mluv\u010d\u00edch. Jedin\u00fdm po\u017eadavkem je v\u011bk d\u00edt\u011bte mezi 6 a 15 lety a absolvov\u00e1n\u00ed 1. t\u0159\u00eddy Z\u0160. Dopoledn\u00ed program Spole\u010dn\u00fd dopoledn\u00ed program za\u010d\u00edn\u00e1 v&nbsp;8:00. D\u011bti v\u0161ak v prostorech Z\u0160 Polabiny 1 r\u00e1di p\u0159iv\u00edt\u00e1me ji\u017e od 7:00, kdy postupn\u011b p\u0159ich\u00e1zej\u00ed a vedouc\u00ed se jim v\u011bnuj\u00ed, hraj\u00ed si s nimi a pom\u00e1haj\u00ed jim nav\u00e1zat nov\u00e1 p\u0159\u00e1telstv\u00ed. Po 8:00 n\u00e1sleduje \u010d\u00e1st spole\u010dn\u00e9ho programu, b\u011bhem n\u00ed\u017e jsou d\u011bti rozd\u011bleny do v\u011bkov\u011b prom\u00edchan\u00fdch skupinek a spole\u010dn\u011b se sna\u017e\u00ed poko\u0159it r\u016fzn\u00e9 v\u00fdzvy. V\u00fduka od 9:00 je realizov\u00e1na v&nbsp;men\u0161\u00edch skupin\u00e1ch d\u011bt\u00ed, podle jejich v\u011bku. D\u011bti budou v&nbsp;t\u011bchto skupin\u00e1ch hr\u00e1t anglick\u00e9 hry, c\u00edlen\u00e9 na roz\u0161\u00ed\u0159en\u00ed slovn\u00ed z\u00e1soby a komunika\u010dn\u00ed schopnosti. S&nbsp;pokro\u010dilej\u0161\u00edmi d\u011btmi se pod\u00edv\u00e1me i na z\u00e1klady anglick\u00e9 gramatiky. P\u0159ed\u00e1n\u00ed a vyzvednut\u00ed d\u011bt\u00ed prob\u00edh\u00e1 v\u017edy na adrese Z\u0160 Polabiny 1 &#8211; Dru\u017estevn\u00ed 305, Polabiny.&hellip;<\/p>\n<p> <a class=\"more-link\" href=\"https:\/\/www.primestskytaborpce.cz\/index.php\/program\/\">\u010c\u00edst v\u00edce<\/a><\/p>\n","protected":false},"author":1,"featured_media":1596,"parent":0,"menu_order":0,"comment_status":"closed","ping_status":"closed","template":"","meta":{"footnotes":""},"class_list":["post-542","page","type-page","status-publish","has-post-thumbnail"],"featured_image_src":"https:\/\/www.primestskytaborpce.cz\/wp-content\/uploads\/2024\/02\/20230714145748_IMG_9549-4-scaled.jpg","yoast_head":"<!-- This site is optimized with the Yoast SEO plugin v26.8 - https:\/\/yoast.com\/product\/yoast-seo-wordpress\/ -->\n<title>Anglick\u00fd t\u00e1bor - P\u0159\u00edm\u011bstsk\u00fd t\u00e1bor Pardubice<\/title>\n<meta name=\"description\" content=\"Program prob\u00edh\u00e1 ka\u017ed\u00fd den od pond\u011bl\u00ed do p\u00e1tku v rozmen\u00ed 8 a\u017e 16 hodin, je v\u0161ak mo\u017en\u00e9 je odevzdat v ji\u017e 7 a vyzvednout a\u017e v 17 hodin.\" \/>\n<meta name=\"robots\" content=\"index, follow, max-snippet:-1, max-image-preview:large, max-video-preview:-1\" \/>\n<link rel=\"canonical\" href=\"https:\/\/www.primestskytaborpce.cz\/index.php\/program\/\" \/>\n<meta property=\"og:locale\" content=\"cs_CZ\" \/>\n<meta property=\"og:type\" content=\"article\" \/>\n<meta property=\"og:title\" content=\"Anglick\u00fd t\u00e1bor - P\u0159\u00edm\u011bstsk\u00fd t\u00e1bor Pardubice\" \/>\n<meta property=\"og:description\" content=\"Program prob\u00edh\u00e1 ka\u017ed\u00fd den od pond\u011bl\u00ed do p\u00e1tku v rozmen\u00ed 8 a\u017e 16 hodin, je v\u0161ak mo\u017en\u00e9 je odevzdat v ji\u017e 7 a vyzvednout a\u017e v 17 hodin.\" \/>\n<meta property=\"og:url\" content=\"https:\/\/www.primestskytaborpce.cz\/index.php\/program\/\" \/>\n<meta property=\"og:site_name\" content=\"P\u0159\u00edm\u011bstsk\u00fd t\u00e1bor Pardubice\" \/>\n<meta property=\"article:modified_time\" content=\"2026-01-24T15:13:08+00:00\" \/>\n<meta property=\"og:image\" content=\"http:\/\/www.primestskytaborpce.cz\/wp-content\/uploads\/2024\/02\/20230714145748_IMG_9549-4-scaled.jpg\" \/>\n\t<meta property=\"og:image:width\" content=\"2560\" \/>\n\t<meta property=\"og:image:height\" content=\"1706\" \/>\n\t<meta property=\"og:image:type\" content=\"image\/jpeg\" \/>\n<meta name=\"twitter:card\" content=\"summary_large_image\" \/>\n<meta name=\"twitter:label1\" content=\"Odhadovan\u00e1 doba \u010dten\u00ed\" \/>\n\t<meta name=\"twitter:data1\" content=\"5 minut\" \/>\n<script type=\"application\/ld+json\" class=\"yoast-schema-graph\">{\"@context\":\"https:\/\/schema.org\",\"@graph\":[{\"@type\":\"WebPage\",\"@id\":\"https:\/\/www.primestskytaborpce.cz\/index.php\/program\/\",\"url\":\"https:\/\/www.primestskytaborpce.cz\/index.php\/program\/\",\"name\":\"Anglick\u00fd t\u00e1bor - P\u0159\u00edm\u011bstsk\u00fd t\u00e1bor Pardubice\",\"isPartOf\":{\"@id\":\"https:\/\/www.primestskytaborpce.cz\/#website\"},\"primaryImageOfPage\":{\"@id\":\"https:\/\/www.primestskytaborpce.cz\/index.php\/program\/#primaryimage\"},\"image\":{\"@id\":\"https:\/\/www.primestskytaborpce.cz\/index.php\/program\/#primaryimage\"},\"thumbnailUrl\":\"https:\/\/www.primestskytaborpce.cz\/wp-content\/uploads\/2024\/02\/20230714145748_IMG_9549-4-scaled.jpg\",\"datePublished\":\"2018-11-27T09:17:28+00:00\",\"dateModified\":\"2026-01-24T15:13:08+00:00\",\"description\":\"Program prob\u00edh\u00e1 ka\u017ed\u00fd den od pond\u011bl\u00ed do p\u00e1tku v rozmen\u00ed 8 a\u017e 16 hodin, je v\u0161ak mo\u017en\u00e9 je odevzdat v ji\u017e 7 a vyzvednout a\u017e v 17 hodin.\",\"breadcrumb\":{\"@id\":\"https:\/\/www.primestskytaborpce.cz\/index.php\/program\/#breadcrumb\"},\"inLanguage\":\"cs\",\"potentialAction\":[{\"@type\":\"ReadAction\",\"target\":[\"https:\/\/www.primestskytaborpce.cz\/index.php\/program\/\"]}]},{\"@type\":\"ImageObject\",\"inLanguage\":\"cs\",\"@id\":\"https:\/\/www.primestskytaborpce.cz\/index.php\/program\/#primaryimage\",\"url\":\"https:\/\/www.primestskytaborpce.cz\/wp-content\/uploads\/2024\/02\/20230714145748_IMG_9549-4-scaled.jpg\",\"contentUrl\":\"https:\/\/www.primestskytaborpce.cz\/wp-content\/uploads\/2024\/02\/20230714145748_IMG_9549-4-scaled.jpg\",\"width\":2560,\"height\":1706},{\"@type\":\"BreadcrumbList\",\"@id\":\"https:\/\/www.primestskytaborpce.cz\/index.php\/program\/#breadcrumb\",\"itemListElement\":[{\"@type\":\"ListItem\",\"position\":1,\"name\":\"Dom\u016f\",\"item\":\"https:\/\/www.primestskytaborpce.cz\/\"},{\"@type\":\"ListItem\",\"position\":2,\"name\":\"Anglick\u00fd t\u00e1bor\"}]},{\"@type\":\"WebSite\",\"@id\":\"https:\/\/www.primestskytaborpce.cz\/#website\",\"url\":\"https:\/\/www.primestskytaborpce.cz\/\",\"name\":\"P\u0159\u00edm\u011bstsk\u00fd t\u00e1bor Pardubice\",\"description\":\"P\u0159\u00edm\u011bstsk\u00fd t\u00e1bor Pardubice\",\"potentialAction\":[{\"@type\":\"SearchAction\",\"target\":{\"@type\":\"EntryPoint\",\"urlTemplate\":\"https:\/\/www.primestskytaborpce.cz\/?s={search_term_string}\"},\"query-input\":{\"@type\":\"PropertyValueSpecification\",\"valueRequired\":true,\"valueName\":\"search_term_string\"}}],\"inLanguage\":\"cs\"}]}<\/script>\n<!-- \/ Yoast SEO plugin. -->","yoast_head_json":{"title":"Anglick\u00fd t\u00e1bor - P\u0159\u00edm\u011bstsk\u00fd t\u00e1bor Pardubice","description":"Program prob\u00edh\u00e1 ka\u017ed\u00fd den od pond\u011bl\u00ed do p\u00e1tku v rozmen\u00ed 8 a\u017e 16 hodin, je v\u0161ak mo\u017en\u00e9 je odevzdat v ji\u017e 7 a vyzvednout a\u017e v 17 hodin.","robots":{"index":"index","follow":"follow","max-snippet":"max-snippet:-1","max-image-preview":"max-image-preview:large","max-video-preview":"max-video-preview:-1"},"canonical":"https:\/\/www.primestskytaborpce.cz\/index.php\/program\/","og_locale":"cs_CZ","og_type":"article","og_title":"Anglick\u00fd t\u00e1bor - P\u0159\u00edm\u011bstsk\u00fd t\u00e1bor Pardubice","og_description":"Program prob\u00edh\u00e1 ka\u017ed\u00fd den od pond\u011bl\u00ed do p\u00e1tku v rozmen\u00ed 8 a\u017e 16 hodin, je v\u0161ak mo\u017en\u00e9 je odevzdat v ji\u017e 7 a vyzvednout a\u017e v 17 hodin.","og_url":"https:\/\/www.primestskytaborpce.cz\/index.php\/program\/","og_site_name":"P\u0159\u00edm\u011bstsk\u00fd t\u00e1bor Pardubice","article_modified_time":"2026-01-24T15:13:08+00:00","og_image":[{"width":2560,"height":1706,"url":"http:\/\/www.primestskytaborpce.cz\/wp-content\/uploads\/2024\/02\/20230714145748_IMG_9549-4-scaled.jpg","type":"image\/jpeg"}],"twitter_card":"summary_large_image","twitter_misc":{"Odhadovan\u00e1 doba \u010dten\u00ed":"5 minut"},"schema":{"@context":"https:\/\/schema.org","@graph":[{"@type":"WebPage","@id":"https:\/\/www.primestskytaborpce.cz\/index.php\/program\/","url":"https:\/\/www.primestskytaborpce.cz\/index.php\/program\/","name":"Anglick\u00fd t\u00e1bor - P\u0159\u00edm\u011bstsk\u00fd t\u00e1bor Pardubice","isPartOf":{"@id":"https:\/\/www.primestskytaborpce.cz\/#website"},"primaryImageOfPage":{"@id":"https:\/\/www.primestskytaborpce.cz\/index.php\/program\/#primaryimage"},"image":{"@id":"https:\/\/www.primestskytaborpce.cz\/index.php\/program\/#primaryimage"},"thumbnailUrl":"https:\/\/www.primestskytaborpce.cz\/wp-content\/uploads\/2024\/02\/20230714145748_IMG_9549-4-scaled.jpg","datePublished":"2018-11-27T09:17:28+00:00","dateModified":"2026-01-24T15:13:08+00:00","description":"Program prob\u00edh\u00e1 ka\u017ed\u00fd den od pond\u011bl\u00ed do p\u00e1tku v rozmen\u00ed 8 a\u017e 16 hodin, je v\u0161ak mo\u017en\u00e9 je odevzdat v ji\u017e 7 a vyzvednout a\u017e v 17 hodin.","breadcrumb":{"@id":"https:\/\/www.primestskytaborpce.cz\/index.php\/program\/#breadcrumb"},"inLanguage":"cs","potentialAction":[{"@type":"ReadAction","target":["https:\/\/www.primestskytaborpce.cz\/index.php\/program\/"]}]},{"@type":"ImageObject","inLanguage":"cs","@id":"https:\/\/www.primestskytaborpce.cz\/index.php\/program\/#primaryimage","url":"https:\/\/www.primestskytaborpce.cz\/wp-content\/uploads\/2024\/02\/20230714145748_IMG_9549-4-scaled.jpg","contentUrl":"https:\/\/www.primestskytaborpce.cz\/wp-content\/uploads\/2024\/02\/20230714145748_IMG_9549-4-scaled.jpg","width":2560,"height":1706},{"@type":"BreadcrumbList","@id":"https:\/\/www.primestskytaborpce.cz\/index.php\/program\/#breadcrumb","itemListElement":[{"@type":"ListItem","position":1,"name":"Dom\u016f","item":"https:\/\/www.primestskytaborpce.cz\/"},{"@type":"ListItem","position":2,"name":"Anglick\u00fd t\u00e1bor"}]},{"@type":"WebSite","@id":"https:\/\/www.primestskytaborpce.cz\/#website","url":"https:\/\/www.primestskytaborpce.cz\/","name":"P\u0159\u00edm\u011bstsk\u00fd t\u00e1bor Pardubice","description":"P\u0159\u00edm\u011bstsk\u00fd t\u00e1bor Pardubice","potentialAction":[{"@type":"SearchAction","target":{"@type":"EntryPoint","urlTemplate":"https:\/\/www.primestskytaborpce.cz\/?s={search_term_string}"},"query-input":{"@type":"PropertyValueSpecification","valueRequired":true,"valueName":"search_term_string"}}],"inLanguage":"cs"}]}},"_links":{"self":[{"href":"https:\/\/www.primestskytaborpce.cz\/index.php\/wp-json\/wp\/v2\/pages\/542","targetHints":{"allow":["GET"]}}],"collection":[{"href":"https:\/\/www.primestskytaborpce.cz\/index.php\/wp-json\/wp\/v2\/pages"}],"about":[{"href":"https:\/\/www.primestskytaborpce.cz\/index.php\/wp-json\/wp\/v2\/types\/page"}],"author":[{"embeddable":true,"href":"https:\/\/www.primestskytaborpce.cz\/index.php\/wp-json\/wp\/v2\/users\/1"}],"replies":[{"embeddable":true,"href":"https:\/\/www.primestskytaborpce.cz\/index.php\/wp-json\/wp\/v2\/comments?post=542"}],"version-history":[{"count":99,"href":"https:\/\/www.primestskytaborpce.cz\/index.php\/wp-json\/wp\/v2\/pages\/542\/revisions"}],"predecessor-version":[{"id":2128,"href":"https:\/\/www.primestskytaborpce.cz\/index.php\/wp-json\/wp\/v2\/pages\/542\/revisions\/2128"}],"wp:featuredmedia":[{"embeddable":true,"href":"https:\/\/www.primestskytaborpce.cz\/index.php\/wp-json\/wp\/v2\/media\/1596"}],"wp:attachment":[{"href":"https:\/\/www.primestskytaborpce.cz\/index.php\/wp-json\/wp\/v2\/media?parent=542"}],"curies":[{"name":"wp","href":"https:\/\/api.w.org\/{rel}","templated":true}]}}